{"id":63,"date":"2023-01-10T22:34:04","date_gmt":"2023-01-10T21:34:04","guid":{"rendered":"https:\/\/tjcirkvice.cz\/?page_id=63"},"modified":"2023-03-30T17:22:28","modified_gmt":"2023-03-30T15:22:28","slug":"nominace-turnaje","status":"publish","type":"page","link":"https:\/\/tjcirkvice.cz\/index.php\/micove-hry-volejbal\/turnaje-terminy-volejbal\/nominace-turnaje\/","title":{"rendered":"Nominace turnaje"},"content":{"rendered":"\n<div style=\"height:20px\" aria-hidden=\"true\" class=\"wp-block-spacer\"><\/div>\n\n\n<div class=\"aligncenter wp-block-site-logo\"><a href=\"https:\/\/tjcirkvice.cz\/\" class=\"custom-logo-link\" rel=\"home\"><img loading=\"lazy\" decoding=\"async\" width=\"115\" height=\"76\" src=\"https:\/\/tjcirkvice.cz\/wp-content\/uploads\/2023\/01\/IMG-20221221-WA0004.jpg\" class=\"custom-logo\" alt=\"TJ C\u00edrkvice\" srcset=\"https:\/\/tjcirkvice.cz\/wp-content\/uploads\/2023\/01\/IMG-20221221-WA0004.jpg 2048w, https:\/\/tjcirkvice.cz\/wp-content\/uploads\/2023\/01\/IMG-20221221-WA0004-300x200.jpg 300w, https:\/\/tjcirkvice.cz\/wp-content\/uploads\/2023\/01\/IMG-20221221-WA0004-1024x683.jpg 1024w, https:\/\/tjcirkvice.cz\/wp-content\/uploads\/2023\/01\/IMG-20221221-WA0004-768x512.jpg 768w, https:\/\/tjcirkvice.cz\/wp-content\/uploads\/2023\/01\/IMG-20221221-WA0004-1536x1025.jpg 1536w\" sizes=\"auto, (max-width: 115px) 100vw, 115px\" \/><\/a><\/div>\n\n\n<p class=\"has-base-color has-contrast-background-color has-text-color has-background\">Krajsk\u00e9 kolo Kol\u00edn 2.4.2023<\/p>\n\n\n\n<p class=\"has-background\" style=\"background-color:#fcb90047\"><strong>\u017dlut\u00e1 kategorie<\/strong><br><br>nominace: Ka\u010dka, Gerti\u010dka, Nelinka, Maty \u0160., Anetka, Fil\u00edpek, Maty K., Terezka, Pep\u00edk, Honz\u00edk<br><br>omluveni: Tob\u00edk, \u0160t\u011bp\u00e1nka<\/p>\n\n\n\n<p class=\"has-base-color has-vivid-red-background-color has-text-color has-background\"><strong>\u010cerven\u00e1 kategorie<\/strong><br><br>nominace: Izy, \u0160imon, Viky Kr, D\u00e1da, Ton\u00edk, V\u00edtek, Lucka, Anabelka, Viky Ku, Danda, Ani\u010dka, V\u011bru\u0161ka, Am\u00e1lka, <br><br>omluveni: Dany, Karinka<\/p>\n\n\n\n<p class=\"has-vivid-cyan-blue-background-color has-background\"><strong>Modr\u00e1 kategorie<\/strong><br><br>nominace: B\u00e1ra, Ondra, Ar\u0165a, Laura<br><br>omluveni:<\/p>\n\n\n\n<div style=\"height:100px\" aria-hidden=\"true\" class=\"wp-block-spacer\"><\/div>\n\n\n\n<p class=\"has-text-align-center has-base-color has-contrast-background-color has-text-color has-background\">Fin\u00e1le krajsk\u00e9 sout\u011b\u017ee 8.5.2023 &#8211; n\u00e1rok na start 1 dru\u017estva v kategorii<br><br><em>(nominace dle v\u00fdsledk\u016f v krajsk\u00fdch kolech)<\/em><\/p>\n\n\n\n<p class=\"has-background\" style=\"background-color:#fcb90047\"><strong>\u017dlut\u00e1 kategorie<\/strong><br><br>nominace: Ka\u010dka, Gerti\u010dka, Nelinka, \u0160t\u011bp\u00e1nka, <br>omluveni:<br>n\u00e1hradn\u00edci: Maty \u0160., Anetka, Tob\u00edk, Fil\u00edpek, Maty K., Terezka, Pep\u00edk, Honz\u00edk<\/p>\n\n\n\n<p class=\"has-base-color has-vivid-red-background-color has-text-color has-background\"><strong>\u010cerven\u00e1 kategorie<\/strong><br><br>nominace: Izy, \u0160imon, Viky Kr, D\u00e1da, Ton\u00edk, V\u00edtek,<br>omluveni:<br>n\u00e1hradn\u00edci: Lucka, Anabelka, Viky Ku, Danda, Dany, Karinka, Ani\u010dka, V\u011bru\u0161ka, Am\u00e1lka<\/p>\n\n\n\n<p class=\"has-vivid-cyan-blue-background-color has-background\"><strong>Modr\u00e1 kategorie &#8211; d\u00edvky<\/strong> <br><br>nominace: B\u00e1ra, Laura + n\u011bkter\u00e1 z \u010derven\u00fdch d\u00edvek (Izy, Viky Kr)<br><br>omluveni:<\/p>\n\n\n\n<p class=\"has-vivid-cyan-blue-background-color has-background\"><strong>Modr\u00e1 kategorie &#8211; chlapci<\/strong><br><br>nominace: Ar\u0165a, Ondra+ n\u011bkter\u00fd z \u010derven\u00fdch chlapc\u016f (Tonda, \u0160imon, David)<br><br>omluveni:<\/p>\n","protected":false},"excerpt":{"rendered":"<p>Krajsk\u00e9 kolo Kol\u00edn 2.4.2023 \u017dlut\u00e1 kategorie nominace: Ka\u010dka, Gerti\u010dka, Nelinka, Maty \u0160., Anetka, Fil\u00edpek, Maty K., Terezka, Pep\u00edk, Honz\u00edk omluveni: Tob\u00edk, \u0160t\u011bp\u00e1nka \u010cerven\u00e1 kategorie nominace: Izy, \u0160imon, Viky Kr, D\u00e1da, Ton\u00edk, V\u00edtek, Lucka, Anabelka, Viky Ku, Danda, Ani\u010dka, V\u011bru\u0161ka, Am\u00e1lka, omluveni: Dany, Karinka Modr\u00e1 kategorie nominace: B\u00e1ra, Ondra, Ar\u0165a, Laura omluveni: Fin\u00e1le krajsk\u00e9 sout\u011b\u017ee 8.5.2023 [&hellip;]<\/p>\n","protected":false},"author":1,"featured_media":0,"parent":23,"menu_order":1,"comment_status":"closed","ping_status":"closed","template":"","meta":{"footnotes":""},"class_list":["post-63","page","type-page","status-publish","hentry"],"_links":{"self":[{"href":"https:\/\/tjcirkvice.cz\/index.php\/wp-json\/wp\/v2\/pages\/63","targetHints":{"allow":["GET"]}}],"collection":[{"href":"https:\/\/tjcirkvice.cz\/index.php\/wp-json\/wp\/v2\/pages"}],"about":[{"href":"https:\/\/tjcirkvice.cz\/index.php\/wp-json\/wp\/v2\/types\/page"}],"author":[{"embeddable":true,"href":"https:\/\/tjcirkvice.cz\/index.php\/wp-json\/wp\/v2\/users\/1"}],"replies":[{"embeddable":true,"href":"https:\/\/tjcirkvice.cz\/index.php\/wp-json\/wp\/v2\/comments?post=63"}],"version-history":[{"count":11,"href":"https:\/\/tjcirkvice.cz\/index.php\/wp-json\/wp\/v2\/pages\/63\/revisions"}],"predecessor-version":[{"id":379,"href":"https:\/\/tjcirkvice.cz\/index.php\/wp-json\/wp\/v2\/pages\/63\/revisions\/379"}],"up":[{"embeddable":true,"href":"https:\/\/tjcirkvice.cz\/index.php\/wp-json\/wp\/v2\/pages\/23"}],"wp:attachment":[{"href":"https:\/\/tjcirkvice.cz\/index.php\/wp-json\/wp\/v2\/media?parent=63"}],"curies":[{"name":"wp","href":"https:\/\/api.w.org\/{rel}","templated":true}]}}