{"id":358,"date":"2023-02-28T21:25:12","date_gmt":"2023-02-28T20:25:12","guid":{"rendered":"https:\/\/tjcirkvice.cz\/?page_id=358"},"modified":"2025-09-23T12:32:34","modified_gmt":"2025-09-23T10:32:34","slug":"soustredeni","status":"publish","type":"page","link":"https:\/\/tjcirkvice.cz\/index.php\/micove-hry-volejbal\/soustredeni\/","title":{"rendered":"Soust\u0159ed\u011bn\u00ed"},"content":{"rendered":"\n<p class=\"has-text-align-center\">Pro \u010dleny na\u0161eho odd\u00edlu po\u0159\u00e1d\u00e1me p\u0159edev\u0161\u00edm soust\u0159ed\u011bn\u00ed v letn\u00edm term\u00ednu, kdy si p\u016fj\u010d\u00edme d\u011bti a ve Zbraslavic\u00edch u Star\u00e9ho rybn\u00edka s nimi str\u00e1v\u00edme jeden t\u00fdden.<\/p>\n\n\n\n<p class=\"has-text-align-center\">D\u00e1le jsme za\u010dali po\u0159\u00e1dat v\u00edkendov\u00e9 p\u0159esp\u00e1va\u010dky, naz\u00fdvan\u00e9 mini soust\u0159ed\u011bn\u00ed, a to bu\u010f podzimn\u00ed nebo jarn\u00ed. Kdy je na\u0161\u00edm \u00fato\u010di\u0161t\u011bm na\u0161e dom\u00e1c\u00ed prost\u0159ed\u00ed, tedy na\u0161e sokolovna. <\/p>\n\n\n\n<div class=\"wp-block-buttons is-content-justification-center is-layout-flex wp-container-core-buttons-is-layout-a89b3969 wp-block-buttons-is-layout-flex\">\n<div class=\"wp-block-button\"><a class=\"wp-block-button__link has-base-color has-vivid-red-background-color has-text-color has-background has-link-color wp-element-button\" style=\"border-radius:24px\">Letn\u00ed soust\u0159ed\u011bn\u00ed<\/a><\/div>\n\n\n\n<div class=\"wp-block-button\"><a class=\"wp-block-button__link has-base-color has-vivid-red-background-color has-text-color has-background has-link-color has-medium-font-size has-custom-font-size wp-element-button\" style=\"border-radius:24px\">Podzimn\u00ed soust\u0159ed\u011bn\u00ed<\/a><\/div>\n\n\n\n<div class=\"wp-block-button\"><a class=\"wp-block-button__link has-base-color has-vivid-red-background-color has-text-color has-background has-link-color has-medium-font-size has-custom-font-size wp-element-button\" style=\"border-radius:24px\">Jarn\u00ed soust\u0159ed\u011bn\u00ed<\/a><\/div>\n<\/div>\n\n\n\n<div class=\"wp-block-columns is-layout-flex wp-container-core-columns-is-layout-28f84493 wp-block-columns-is-layout-flex\">\n<div class=\"wp-block-column is-layout-flow wp-block-column-is-layout-flow\" style=\"flex-basis:100%\">\n<div class=\"wp-block-group has-global-padding is-layout-constrained wp-block-group-is-layout-constrained\">\n<div class=\"wp-block-columns is-layout-flex wp-container-core-columns-is-layout-28f84493 wp-block-columns-is-layout-flex\">\n<div class=\"wp-block-column is-vertically-aligned-center is-layout-flow wp-block-column-is-layout-flow\">\n<p class=\"has-text-align-center\">24.8.-31.8.2024<\/p>\n<\/div>\n\n\n\n<div class=\"wp-block-column is-layout-flow wp-block-column-is-layout-flow\">\n<p class=\"has-text-align-center\">20.-22.10.2023<\/p>\n<\/div>\n\n\n\n<div class=\"wp-block-column is-layout-flow wp-block-column-is-layout-flow\">\n<p class=\"has-text-align-center\">12.-14.3.2000<\/p>\n<\/div>\n<\/div>\n<\/div>\n<\/div>\n<\/div>\n\n\n\n<div class=\"wp-block-columns is-layout-flex wp-container-core-columns-is-layout-28f84493 wp-block-columns-is-layout-flex\">\n<div class=\"wp-block-column is-layout-flow wp-block-column-is-layout-flow\">\n<p>Uz\u00e1v\u011brka p\u0159ihl\u00e1\u0161ek:<br>28.2.2023<\/p>\n<\/div>\n\n\n\n<div class=\"wp-block-column is-layout-flow wp-block-column-is-layout-flow\">\n<p>Uz\u00e1v\u011brka p\u0159ihl\u00e1\u0161ek:<br>8.10.2023<\/p>\n<\/div>\n\n\n\n<div class=\"wp-block-column is-layout-flow wp-block-column-is-layout-flow\">\n<p>Uz\u00e1v\u011brka p\u0159ihl\u00e1\u0161ek:<br>7.4.2023<\/p>\n<\/div>\n<\/div>\n\n\n\n<div class=\"wp-block-columns is-layout-flex wp-container-core-columns-is-layout-28f84493 wp-block-columns-is-layout-flex\">\n<div class=\"wp-block-column is-layout-flow wp-block-column-is-layout-flow\">\n<p class=\"has-text-align-center has-base-color has-vivid-red-background-color has-text-color has-background has-link-color has-small-font-size wp-elements-50935a285cc0553cd5b3595e96e88a1f\" style=\"border-radius:24px\">Kapacita: 24 d\u011bt\u00ed<br>P\u0159ihl\u00e1\u0161eno: 23 d\u011bt\u00ed<br>Voln\u00e1 m\u00edsta: 1<\/p>\n\n\n\n<p><\/p>\n<\/div>\n\n\n\n<div class=\"wp-block-column is-layout-flow wp-block-column-is-layout-flow\">\n<p class=\"has-text-align-center has-base-color has-vivid-red-background-color has-text-color has-background has-link-color has-small-font-size wp-elements-2e297030e69958b5b10460b8ee0e513f\" style=\"border-radius:24px\">Kapacita: 16 d\u011bt\u00ed<br>P\u0159ihl\u00e1\u0161eno: 16 d\u011bt\u00ed<br>Voln\u00e1 m\u00edsta: 0<\/p>\n<\/div>\n\n\n\n<div class=\"wp-block-column is-layout-flow wp-block-column-is-layout-flow\">\n<p class=\"has-text-align-center has-base-color has-vivid-red-background-color has-text-color has-background has-link-color has-small-font-size wp-elements-52beef43403c7ac4958f845d497dacd6\" style=\"border-radius:24px\">Kapacita: 16 d\u011bt\u00ed<br>P\u0159ihl\u00e1\u0161eno: 15 d\u011bt\u00ed<br>Voln\u00e1 m\u00edsta: 1<\/p>\n<\/div>\n<\/div>\n","protected":false},"excerpt":{"rendered":"<p>Pro \u010dleny na\u0161eho odd\u00edlu po\u0159\u00e1d\u00e1me p\u0159edev\u0161\u00edm soust\u0159ed\u011bn\u00ed v letn\u00edm term\u00ednu, kdy si p\u016fj\u010d\u00edme d\u011bti a ve Zbraslavic\u00edch u Star\u00e9ho rybn\u00edka s nimi str\u00e1v\u00edme jeden t\u00fdden. D\u00e1le jsme za\u010dali po\u0159\u00e1dat v\u00edkendov\u00e9 p\u0159esp\u00e1va\u010dky, naz\u00fdvan\u00e9 mini soust\u0159ed\u011bn\u00ed, a to bu\u010f podzimn\u00ed nebo jarn\u00ed. Kdy je na\u0161\u00edm \u00fato\u010di\u0161t\u011bm na\u0161e dom\u00e1c\u00ed prost\u0159ed\u00ed, tedy na\u0161e sokolovna. 24.8.-31.8.2024 20.-22.10.2023 12.-14.3.2000 Uz\u00e1v\u011brka p\u0159ihl\u00e1\u0161ek:28.2.2023 [&hellip;]<\/p>\n","protected":false},"author":1,"featured_media":0,"parent":9,"menu_order":2,"comment_status":"closed","ping_status":"closed","template":"","meta":{"footnotes":""},"class_list":["post-358","page","type-page","status-publish","hentry"],"_links":{"self":[{"href":"https:\/\/tjcirkvice.cz\/index.php\/wp-json\/wp\/v2\/pages\/358","targetHints":{"allow":["GET"]}}],"collection":[{"href":"https:\/\/tjcirkvice.cz\/index.php\/wp-json\/wp\/v2\/pages"}],"about":[{"href":"https:\/\/tjcirkvice.cz\/index.php\/wp-json\/wp\/v2\/types\/page"}],"author":[{"embeddable":true,"href":"https:\/\/tjcirkvice.cz\/index.php\/wp-json\/wp\/v2\/users\/1"}],"replies":[{"embeddable":true,"href":"https:\/\/tjcirkvice.cz\/index.php\/wp-json\/wp\/v2\/comments?post=358"}],"version-history":[{"count":15,"href":"https:\/\/tjcirkvice.cz\/index.php\/wp-json\/wp\/v2\/pages\/358\/revisions"}],"predecessor-version":[{"id":581,"href":"https:\/\/tjcirkvice.cz\/index.php\/wp-json\/wp\/v2\/pages\/358\/revisions\/581"}],"up":[{"embeddable":true,"href":"https:\/\/tjcirkvice.cz\/index.php\/wp-json\/wp\/v2\/pages\/9"}],"wp:attachment":[{"href":"https:\/\/tjcirkvice.cz\/index.php\/wp-json\/wp\/v2\/media?parent=358"}],"curies":[{"name":"wp","href":"https:\/\/api.w.org\/{rel}","templated":true}]}}