{"id":23,"date":"2023-01-09T20:46:25","date_gmt":"2023-01-09T19:46:25","guid":{"rendered":"https:\/\/tjcirkvice.cz\/?page_id=23"},"modified":"2023-09-20T10:43:04","modified_gmt":"2023-09-20T08:43:04","slug":"turnaje-terminy-volejbal","status":"publish","type":"page","link":"https:\/\/tjcirkvice.cz\/index.php\/micove-hry-volejbal\/turnaje-terminy-volejbal\/","title":{"rendered":"Turnaje &#8211; term\u00edny"},"content":{"rendered":"\n<div style=\"height:41px\" aria-hidden=\"true\" class=\"wp-block-spacer\"><\/div>\n\n\n\n<figure class=\"wp-block-table has-small-font-size\"><table class=\"has-background\" style=\"background:linear-gradient(135deg,rgb(222,231,240) 0%,rgb(230,226,195) 100%)\"><thead><tr><th>Datum<\/th><th>Turnaj<\/th><th>Pozn\u00e1mka<\/th><\/tr><\/thead><tbody><tr><td>16.9.2023<\/td><td>Mal\u00fd Jakub\u00e1\u010dek<\/td><td>Nominace na turnaj <a href=\"https:\/\/tjcirkvice.cz\/index.php\/micove-hry-volejbal\/turnaje-terminy-volejbal\/nominace-turnaje\/\" target=\"_blank\" rel=\"noreferrer noopener\">zde<\/a><\/td><\/tr><tr><td>5.11.2023<\/td><td>L\u00edbeznick\u00e1 CHRUPAVKA<\/td><td><a href=\"https:\/\/www.volejbal-libeznice.cz\/turnaje\/chrupavka\">https:\/\/www.volejbal-libeznice.cz\/turnaje\/chrupavka<\/a><\/td><\/tr><tr><td>17.11.2023<\/td><td>Krajsk\u00e9 kolo<\/td><td><\/td><\/tr><tr><td>17.12.2023<\/td><td>Krajsk\u00e9 kolo<\/td><td><\/td><\/tr><tr><td>**.1.2024&nbsp;<\/td><td>Festival v&nbsp;Neratovic\u00edch \u2013 mod\u0159\u00ed, zelen\u00ed, \u010derven\u00ed<\/td><td><\/td><\/tr><tr><td>**.1.2024&nbsp;<\/td><td>Festival v&nbsp;Neratovic\u00edch \u2013 oran\u017eov\u00ed, \u017elut\u00ed <\/td><td><\/td><\/tr><tr><td>7.4.2024<\/td><td>Krajsk\u00e9 kolo<\/td><td><\/td><\/tr><tr><td>8.5.2024<\/td><td>Fin\u00e1le krajsk\u00e9 sout\u011b\u017ee<\/td><td>Nominace na turnaj <a href=\"https:\/\/tjcirkvice.cz\/index.php\/micove-hry-volejbal\/turnaje-terminy-volejbal\/nominace-turnaje\/\" target=\"_blank\" rel=\"noreferrer noopener\">zde<\/a><\/td><\/tr><\/tbody><\/table><\/figure>\n\n\n\n<div style=\"height:27px\" aria-hidden=\"true\" class=\"wp-block-spacer\"><\/div>\n\n\n\n<hr class=\"wp-block-separator has-alpha-channel-opacity\"\/>\n\n\n\n<div style=\"height:27px\" aria-hidden=\"true\" class=\"wp-block-spacer\"><\/div>\n\n\n\n<figure class=\"wp-block-table\"><table class=\"has-background\" style=\"background:linear-gradient(135deg,rgb(255,245,203) 0%,rgb(242,225,225) 50%,rgb(192,221,224) 100%)\"><thead><tr><th>Datum<\/th><th>Turnaj<\/th><th>Pozn\u00e1mka<\/th><\/tr><\/thead><tbody><tr><td>**.5.2024   <\/td><td>Beachminivolejbal<\/td><td>\ufeff<\/td><\/tr><tr><td>**.6.2024<\/td><td>Celost\u00e1tn\u00ed kolo minivolejbalu<\/td><td>\ufeff<\/td><\/tr><tr><td>15.6.2024&nbsp;<\/td><td>Chlumeck\u00e1 lentilka<\/td><td>\ufeff<\/td><\/tr><tr><td>21.9.2024&nbsp;<\/td><td>Mal\u00fd Jakub\u00e1\u010dek<\/td><td>\ufeff<\/td><\/tr><\/tbody><\/table><figcaption class=\"wp-element-caption\">(Pl\u00e1novan\u00e9 turnaje v p\u0159\u00ed\u0161t\u00ed sez\u00f3n\u011b)<\/figcaption><\/figure>\n\n\n\n<p><br><\/p>\n","protected":false},"excerpt":{"rendered":"<p>Datum Turnaj Pozn\u00e1mka 16.9.2023 Mal\u00fd Jakub\u00e1\u010dek Nominace na turnaj zde 5.11.2023 L\u00edbeznick\u00e1 CHRUPAVKA https:\/\/www.volejbal-libeznice.cz\/turnaje\/chrupavka 17.11.2023 Krajsk\u00e9 kolo 17.12.2023 Krajsk\u00e9 kolo **.1.2024&nbsp; Festival v&nbsp;Neratovic\u00edch \u2013 mod\u0159\u00ed, zelen\u00ed, \u010derven\u00ed **.1.2024&nbsp; Festival v&nbsp;Neratovic\u00edch \u2013 oran\u017eov\u00ed, \u017elut\u00ed 7.4.2024 Krajsk\u00e9 kolo 8.5.2024 Fin\u00e1le krajsk\u00e9 sout\u011b\u017ee Nominace na turnaj zde Datum Turnaj Pozn\u00e1mka **.5.2024 Beachminivolejbal \ufeff **.6.2024 Celost\u00e1tn\u00ed kolo minivolejbalu \ufeff [&hellip;]<\/p>\n","protected":false},"author":1,"featured_media":0,"parent":9,"menu_order":3,"comment_status":"closed","ping_status":"closed","template":"","meta":{"footnotes":""},"class_list":["post-23","page","type-page","status-publish","hentry"],"_links":{"self":[{"href":"https:\/\/tjcirkvice.cz\/index.php\/wp-json\/wp\/v2\/pages\/23","targetHints":{"allow":["GET"]}}],"collection":[{"href":"https:\/\/tjcirkvice.cz\/index.php\/wp-json\/wp\/v2\/pages"}],"about":[{"href":"https:\/\/tjcirkvice.cz\/index.php\/wp-json\/wp\/v2\/types\/page"}],"author":[{"embeddable":true,"href":"https:\/\/tjcirkvice.cz\/index.php\/wp-json\/wp\/v2\/users\/1"}],"replies":[{"embeddable":true,"href":"https:\/\/tjcirkvice.cz\/index.php\/wp-json\/wp\/v2\/comments?post=23"}],"version-history":[{"count":13,"href":"https:\/\/tjcirkvice.cz\/index.php\/wp-json\/wp\/v2\/pages\/23\/revisions"}],"predecessor-version":[{"id":447,"href":"https:\/\/tjcirkvice.cz\/index.php\/wp-json\/wp\/v2\/pages\/23\/revisions\/447"}],"up":[{"embeddable":true,"href":"https:\/\/tjcirkvice.cz\/index.php\/wp-json\/wp\/v2\/pages\/9"}],"wp:attachment":[{"href":"https:\/\/tjcirkvice.cz\/index.php\/wp-json\/wp\/v2\/media?parent=23"}],"curies":[{"name":"wp","href":"https:\/\/api.w.org\/{rel}","templated":true}]}}