{"id":13,"date":"2023-01-09T20:22:01","date_gmt":"2023-01-09T19:22:01","guid":{"rendered":"https:\/\/tjcirkvice.cz\/?page_id=13"},"modified":"2025-09-16T14:34:11","modified_gmt":"2025-09-16T12:34:11","slug":"rodice-a-deti","status":"publish","type":"page","link":"https:\/\/tjcirkvice.cz\/index.php\/rodice-a-deti\/","title":{"rendered":"Rodi\u010de a d\u011bti"},"content":{"rendered":"\n<figure class=\"wp-block-table is-style-stripes\"><table class=\"has-base-background-color has-background\"><tbody><tr><td>KDE:<\/td><td>Sokolovna TJ C\u00edrkvice (Jakub 91)<\/td><\/tr><tr><td>KDY:<\/td><td>\u010dtvrtek 16:00 &#8211; 17:00<\/td><\/tr><tr><td>KDO:<\/td><td>d\u011bti se sv\u00fdmi rodi\u010di, prarodi\u010di, sourozenci<\/td><\/tr><tr><td>S SEBOU:<\/td><td>vhodn\u00e1 obuv do t\u011blocvi\u010dny, trochu pit\u00ed, dobrou n\u00e1ladu a chu\u0165 cvi\u010dit<\/td><\/tr><tr><td>ZA KOLIK: <\/td><td>ro\u010dn\u00ed poplatek 300 K\u010d d\u00edt\u011b + 500 K\u010d dosp\u011bl\u00fd doprovod<\/td><\/tr><tr><td>Vedouc\u00ed cvi\u010ditelka:<\/td><td>Jitka Kv\u00edzov\u00e1<\/td><\/tr><tr><td>KONTAKT:<\/td><td> tjcirkvice@gmail.com<\/td><\/tr><\/tbody><\/table><\/figure>\n\n\n\n<p><\/p>\n","protected":false},"excerpt":{"rendered":"<p>KDE: Sokolovna TJ C\u00edrkvice (Jakub 91) KDY: \u010dtvrtek 16:00 &#8211; 17:00 KDO: d\u011bti se sv\u00fdmi rodi\u010di, prarodi\u010di, sourozenci S SEBOU: vhodn\u00e1 obuv do t\u011blocvi\u010dny, trochu pit\u00ed, dobrou n\u00e1ladu a chu\u0165 cvi\u010dit ZA KOLIK: ro\u010dn\u00ed poplatek 300 K\u010d d\u00edt\u011b + 500 K\u010d dosp\u011bl\u00fd doprovod Vedouc\u00ed cvi\u010ditelka: Jitka Kv\u00edzov\u00e1 KONTAKT: tjcirkvice@gmail.com<\/p>\n","protected":false},"author":1,"featured_media":0,"parent":0,"menu_order":5,"comment_status":"closed","ping_status":"closed","template":"","meta":{"footnotes":""},"class_list":["post-13","page","type-page","status-publish","hentry"],"_links":{"self":[{"href":"https:\/\/tjcirkvice.cz\/index.php\/wp-json\/wp\/v2\/pages\/13","targetHints":{"allow":["GET"]}}],"collection":[{"href":"https:\/\/tjcirkvice.cz\/index.php\/wp-json\/wp\/v2\/pages"}],"about":[{"href":"https:\/\/tjcirkvice.cz\/index.php\/wp-json\/wp\/v2\/types\/page"}],"author":[{"embeddable":true,"href":"https:\/\/tjcirkvice.cz\/index.php\/wp-json\/wp\/v2\/users\/1"}],"replies":[{"embeddable":true,"href":"https:\/\/tjcirkvice.cz\/index.php\/wp-json\/wp\/v2\/comments?post=13"}],"version-history":[{"count":4,"href":"https:\/\/tjcirkvice.cz\/index.php\/wp-json\/wp\/v2\/pages\/13\/revisions"}],"predecessor-version":[{"id":548,"href":"https:\/\/tjcirkvice.cz\/index.php\/wp-json\/wp\/v2\/pages\/13\/revisions\/548"}],"wp:attachment":[{"href":"https:\/\/tjcirkvice.cz\/index.php\/wp-json\/wp\/v2\/media?parent=13"}],"curies":[{"name":"wp","href":"https:\/\/api.w.org\/{rel}","templated":true}]}}