{"id":116,"date":"2023-01-27T21:01:28","date_gmt":"2023-01-27T20:01:28","guid":{"rendered":"https:\/\/tjcirkvice.cz\/?page_id=116"},"modified":"2025-11-19T11:44:16","modified_gmt":"2025-11-19T10:44:16","slug":"informace-tj","status":"publish","type":"page","link":"https:\/\/tjcirkvice.cz\/index.php\/informace-tj\/","title":{"rendered":"INFORMACE TJ"},"content":{"rendered":"\n<div class=\"wp-block-buttons is-content-justification-center is-layout-flex wp-container-core-buttons-is-layout-a89b3969 wp-block-buttons-is-layout-flex\">\n<div class=\"wp-block-button\"><a class=\"wp-block-button__link has-base-color has-vivid-red-background-color has-text-color has-background has-link-color has-medium-font-size has-custom-font-size wp-element-button\" style=\"border-radius:24px;padding-right:var(--wp--preset--spacing--50);padding-left:var(--wp--preset--spacing--50)\">Rozpis t\u011blocvi\u010dny<\/a><\/div>\n<\/div>\n\n\n\n<p class=\"has-text-align-center\">Lorem ipsum dolor sit amet consectetur adipiscing elit. Quisque faucibus ex sapien vitae pellentesque sem placerat. In id cursus mi pretium tellus duis convallis. Tempus leo eu aenean sed diam urna tempor. Pulvinar vivamus fringilla lacus nec metus bibendum egestas. Iaculis massa nisl malesuada lacinia integer nunc posuere. Ut hendrerit semper vel class aptent taciti sociosqu. Ad litora torquent per conubia nostra inceptos himenaeos.<\/p>\n\n\n\n<div style=\"height:24px\" aria-hidden=\"true\" class=\"wp-block-spacer\"><\/div>\n\n\n\n<div class=\"wp-block-buttons is-content-justification-center is-layout-flex wp-container-core-buttons-is-layout-a89b3969 wp-block-buttons-is-layout-flex\">\n<div class=\"wp-block-button\"><a class=\"wp-block-button__link has-base-color has-vivid-red-background-color has-text-color has-background has-link-color has-small-font-size has-custom-font-size wp-element-button\" href=\"https:\/\/tjcirkvice.cz\/wp-content\/uploads\/2023\/01\/prihlaska-do-TJ-Cirkvice-1.docx\" style=\"border-radius:24px\">P\u0159ihl\u00e1\u0161ka do TJ C\u00edrkvice<\/a><\/div>\n\n\n\n<div class=\"wp-block-button\"><a class=\"wp-block-button__link has-base-color has-vivid-red-background-color has-text-color has-background has-link-color has-small-font-size has-custom-font-size wp-element-button\" href=\"https:\/\/tjcirkvice.cz\/wp-content\/uploads\/2023\/01\/Stanovy-TJ-1.pdf\" style=\"border-radius:24px\">Stanovy TJ C\u00edrkvice<\/a><\/div>\n<\/div>\n\n\n\n<div style=\"height:24px\" aria-hidden=\"true\" class=\"wp-block-spacer\"><\/div>\n\n\n\n<div class=\"wp-block-buttons is-content-justification-center is-layout-flex wp-container-core-buttons-is-layout-a89b3969 wp-block-buttons-is-layout-flex\">\n<div class=\"wp-block-button\"><a class=\"wp-block-button__link has-base-color has-vivid-red-background-color has-text-color has-background has-link-color has-medium-font-size has-custom-font-size wp-element-button\" style=\"border-radius:24px;padding-right:var(--wp--preset--spacing--50);padding-left:var(--wp--preset--spacing--50)\">P\u0159\u00edsp\u011bvky<\/a><\/div>\n<\/div>\n\n\n\n<p class=\"has-text-align-center\">Bankovn\u00ed \u00fa\u010det pro platbu p\u0159\u00edsp\u011bvk\u016f:       <strong> 2902454465 \/ 2010<\/strong><\/p>\n\n\n\n<p class=\"has-text-align-center\">P\u0159i platb\u011b uv\u00e1d\u011bjte jm\u00e9no \u010dlena, kter\u00fd plat\u00ed p\u0159\u00edsp\u011bvek a variabiln\u00ed symbol dle odd\u00edlu, kter\u00fd nav\u0161t\u011bvuje (viz tabulka VS):<\/p>\n\n\n\n<figure class=\"wp-block-table is-style-regular\" style=\"font-size:clamp(0.875rem, 0.875rem + ((1vw - 0.2rem) * 0.045), 0.9rem);\"><table class=\"has-background\" style=\"background:radial-gradient(rgb(238,238,238) 55%,rgb(169,184,195) 100%)\"><thead><tr><th class=\"has-text-align-center\" data-align=\"center\"><strong>S<\/strong>toln\u00ed tenis<\/th><th class=\"has-text-align-center\" data-align=\"center\">Zdravotn\u00ed cvi\u010den\u00ed<\/th><th class=\"has-text-align-center\" data-align=\"center\">Florbal<\/th><th class=\"has-text-align-center\" data-align=\"center\">M\u00ed\u010dov\u00e9 hry<\/th><th class=\"has-text-align-center\" data-align=\"center\">Volejbal<\/th><th class=\"has-text-align-center\" data-align=\"center\">J\u00f3ga<\/th><th class=\"has-text-align-center\" data-align=\"center\">Rodi\u010de a d\u011bti<\/th><th class=\"has-text-align-center\" data-align=\"center\">Nohejbal<\/th><th class=\"has-text-align-center\" data-align=\"center\">Posilovna<\/th><\/tr><\/thead><tbody><tr><td class=\"has-text-align-center\" data-align=\"center\">1<\/td><td class=\"has-text-align-center\" data-align=\"center\">2<\/td><td class=\"has-text-align-center\" data-align=\"center\">3<\/td><td class=\"has-text-align-center\" data-align=\"center\">4<\/td><td class=\"has-text-align-center\" data-align=\"center\">5<\/td><td class=\"has-text-align-center\" data-align=\"center\">6<\/td><td class=\"has-text-align-center\" data-align=\"center\">7<\/td><td class=\"has-text-align-center\" data-align=\"center\">8<\/td><td class=\"has-text-align-center\" data-align=\"center\">9<\/td><\/tr><\/tbody><\/table><\/figure>\n\n\n\n<div style=\"height:33px\" aria-hidden=\"true\" class=\"wp-block-spacer\"><\/div>\n\n\n\n<div class=\"wp-block-buttons is-content-justification-center is-layout-flex wp-container-core-buttons-is-layout-a89b3969 wp-block-buttons-is-layout-flex\">\n<div class=\"wp-block-button\"><a class=\"wp-block-button__link has-base-color has-vivid-red-background-color has-text-color has-background has-link-color has-medium-font-size has-text-align-center has-custom-font-size wp-element-button\" href=\"https:\/\/tjcirkvice.cz\/wp-content\/uploads\/2023\/02\/Clenske-prispevky-2023.pdf\" style=\"border-radius:24px;padding-right:var(--wp--preset--spacing--50);padding-left:var(--wp--preset--spacing--50)\" target=\"_blank\" rel=\"noreferrer noopener\">Informace k \u010dlensk\u00fdm p\u0159\u00edsp\u011bvk\u016fm<\/a><\/div>\n<\/div>\n\n\n\n<p><\/p>\n","protected":false},"excerpt":{"rendered":"<p>Lorem ipsum dolor sit amet consectetur adipiscing elit. Quisque faucibus ex sapien vitae pellentesque sem placerat. In id cursus mi pretium tellus duis convallis. Tempus leo eu aenean sed diam urna tempor. Pulvinar vivamus fringilla lacus nec metus bibendum egestas. Iaculis massa nisl malesuada lacinia integer nunc posuere. Ut hendrerit semper vel class aptent taciti [&hellip;]<\/p>\n","protected":false},"author":1,"featured_media":0,"parent":0,"menu_order":7,"comment_status":"closed","ping_status":"closed","template":"","meta":{"footnotes":""},"class_list":["post-116","page","type-page","status-publish","hentry"],"_links":{"self":[{"href":"https:\/\/tjcirkvice.cz\/index.php\/wp-json\/wp\/v2\/pages\/116","targetHints":{"allow":["GET"]}}],"collection":[{"href":"https:\/\/tjcirkvice.cz\/index.php\/wp-json\/wp\/v2\/pages"}],"about":[{"href":"https:\/\/tjcirkvice.cz\/index.php\/wp-json\/wp\/v2\/types\/page"}],"author":[{"embeddable":true,"href":"https:\/\/tjcirkvice.cz\/index.php\/wp-json\/wp\/v2\/users\/1"}],"replies":[{"embeddable":true,"href":"https:\/\/tjcirkvice.cz\/index.php\/wp-json\/wp\/v2\/comments?post=116"}],"version-history":[{"count":35,"href":"https:\/\/tjcirkvice.cz\/index.php\/wp-json\/wp\/v2\/pages\/116\/revisions"}],"predecessor-version":[{"id":590,"href":"https:\/\/tjcirkvice.cz\/index.php\/wp-json\/wp\/v2\/pages\/116\/revisions\/590"}],"wp:attachment":[{"href":"https:\/\/tjcirkvice.cz\/index.php\/wp-json\/wp\/v2\/media?parent=116"}],"curies":[{"name":"wp","href":"https:\/\/api.w.org\/{rel}","templated":true}]}}