{"id":11,"date":"2023-01-09T20:16:13","date_gmt":"2023-01-09T19:16:13","guid":{"rendered":"https:\/\/tjcirkvice.cz\/?page_id=11"},"modified":"2025-09-18T12:13:50","modified_gmt":"2025-09-18T10:13:50","slug":"stolni-tenis","status":"publish","type":"page","link":"https:\/\/tjcirkvice.cz\/index.php\/stolni-tenis\/","title":{"rendered":"Stoln\u00ed tenis"},"content":{"rendered":"\n<div style=\"height:52px\" aria-hidden=\"true\" class=\"wp-block-spacer\"><\/div>\n\n\n\n<div class=\"wp-block-columns is-layout-flex wp-container-core-columns-is-layout-28f84493 wp-block-columns-is-layout-flex\">\n<div class=\"wp-block-column is-layout-flow wp-block-column-is-layout-flow\">\n<div class=\"wp-block-buttons is-content-justification-center is-layout-flex wp-container-core-buttons-is-layout-a89b3969 wp-block-buttons-is-layout-flex\">\n<div class=\"wp-block-button\"><a class=\"wp-block-button__link has-base-color has-vivid-red-background-color has-text-color has-background has-link-color has-medium-font-size has-custom-font-size wp-element-button\" style=\"border-radius:24px;padding-right:var(--wp--preset--spacing--50);padding-left:var(--wp--preset--spacing--50)\">Aktuality<\/a><\/div>\n<\/div>\n\n\n\n<p class=\"has-text-align-center\">Lorem ipsum dolor sit amet, consectetur adipiscing elit, sed do eiusmod tempor incididunt ut labore et dolore magna aliqua. Ut enim ad minim veniam, quis nostrud exercitation ullamco laboris nisi ut aliquip ex ea commodo consequat. Duis aute irure dolor in repreh<\/p>\n\n\n\n<div class=\"wp-block-buttons is-content-justification-center is-layout-flex wp-container-core-buttons-is-layout-a89b3969 wp-block-buttons-is-layout-flex\">\n<div class=\"wp-block-button\"><a class=\"wp-block-button__link has-base-color has-vivid-red-background-color has-text-color has-background has-link-color has-small-font-size has-custom-font-size wp-element-button\" style=\"border-radius:24px\">Cel\u00fd \u010dl\u00e1nek<\/a><\/div>\n\n\n\n<div class=\"wp-block-button\"><a class=\"wp-block-button__link has-base-color has-vivid-red-background-color has-text-color has-background has-link-color has-small-font-size has-custom-font-size wp-element-button\" style=\"border-radius:24px\">V\u0161echny \u010dl\u00e1nky<\/a><\/div>\n<\/div>\n<\/div>\n\n\n\n<div class=\"wp-block-column is-layout-flow wp-block-column-is-layout-flow\">\n<figure class=\"wp-block-image size-large\"><img loading=\"lazy\" decoding=\"async\" width=\"1024\" height=\"768\" src=\"http:\/\/tjcirkvice.cz\/wp-content\/uploads\/2023\/02\/stolni-tenis-2-1024x768.jpg\" alt=\"\" class=\"wp-image-283\" srcset=\"https:\/\/tjcirkvice.cz\/wp-content\/uploads\/2023\/02\/stolni-tenis-2-1024x768.jpg 1024w, https:\/\/tjcirkvice.cz\/wp-content\/uploads\/2023\/02\/stolni-tenis-2-300x225.jpg 300w, https:\/\/tjcirkvice.cz\/wp-content\/uploads\/2023\/02\/stolni-tenis-2-768x576.jpg 768w\" sizes=\"auto, (max-width: 1024px) 100vw, 1024px\" \/><\/figure>\n\n\n\n<div class=\"wp-block-buttons is-content-justification-center is-layout-flex wp-container-core-buttons-is-layout-a89b3969 wp-block-buttons-is-layout-flex\">\n<div class=\"wp-block-button\"><a class=\"wp-block-button__link has-base-color has-vivid-red-background-color has-text-color has-background has-link-color wp-element-button\" href=\"https:\/\/tjcirkvice.cz\/index.php\/stolni-tenis\/treninky\/\" style=\"border-radius:24px\">Tr\u00e9ninky<\/a><\/div>\n\n\n\n<div class=\"wp-block-button\"><a class=\"wp-block-button__link has-base-color has-vivid-red-background-color has-text-color has-background has-link-color wp-element-button\" href=\"https:\/\/tjcirkvice.cz\/index.php\/stolni-tenis\/mistrovska-utkani-a-turnaje\/\" style=\"border-radius:24px\">Z\u00e1pasy<\/a><\/div>\n<\/div>\n<\/div>\n<\/div>\n\n\n\n<div style=\"height:64px\" aria-hidden=\"true\" class=\"wp-block-spacer\"><\/div>\n\n\n\n<div class=\"wp-block-buttons is-content-justification-center is-layout-flex wp-container-core-buttons-is-layout-a89b3969 wp-block-buttons-is-layout-flex\">\n<div class=\"wp-block-button\"><a class=\"wp-block-button__link has-base-color has-vivid-red-background-color has-text-color has-background has-link-color has-medium-font-size has-custom-font-size wp-element-button\" style=\"border-radius:26px;padding-right:var(--wp--preset--spacing--50);padding-left:var(--wp--preset--spacing--50)\">Informace k p\u0159\u00edsp\u011bvk\u016fm<\/a><\/div>\n<\/div>\n\n\n\n<p class=\"has-text-align-center\">Tady budou informace:<\/p>\n\n\n\n<p><\/p>\n","protected":false},"excerpt":{"rendered":"<p>Lorem ipsum dolor sit amet, consectetur adipiscing elit, sed do eiusmod tempor incididunt ut labore et dolore magna aliqua. Ut enim ad minim veniam, quis nostrud exercitation ullamco laboris nisi ut aliquip ex ea commodo consequat. Duis aute irure dolor in repreh Tady budou informace:<\/p>\n","protected":false},"author":1,"featured_media":0,"parent":0,"menu_order":4,"comment_status":"closed","ping_status":"closed","template":"","meta":{"footnotes":""},"class_list":["post-11","page","type-page","status-publish","hentry"],"_links":{"self":[{"href":"https:\/\/tjcirkvice.cz\/index.php\/wp-json\/wp\/v2\/pages\/11","targetHints":{"allow":["GET"]}}],"collection":[{"href":"https:\/\/tjcirkvice.cz\/index.php\/wp-json\/wp\/v2\/pages"}],"about":[{"href":"https:\/\/tjcirkvice.cz\/index.php\/wp-json\/wp\/v2\/types\/page"}],"author":[{"embeddable":true,"href":"https:\/\/tjcirkvice.cz\/index.php\/wp-json\/wp\/v2\/users\/1"}],"replies":[{"embeddable":true,"href":"https:\/\/tjcirkvice.cz\/index.php\/wp-json\/wp\/v2\/comments?post=11"}],"version-history":[{"count":32,"href":"https:\/\/tjcirkvice.cz\/index.php\/wp-json\/wp\/v2\/pages\/11\/revisions"}],"predecessor-version":[{"id":565,"href":"https:\/\/tjcirkvice.cz\/index.php\/wp-json\/wp\/v2\/pages\/11\/revisions\/565"}],"wp:attachment":[{"href":"https:\/\/tjcirkvice.cz\/index.php\/wp-json\/wp\/v2\/media?parent=11"}],"curies":[{"name":"wp","href":"https:\/\/api.w.org\/{rel}","templated":true}]}}