{"id":430,"date":"2023-09-17T07:54:53","date_gmt":"2023-09-17T05:54:53","guid":{"rendered":"http:\/\/tjcirkvice.cz\/?page_id=430"},"modified":"2023-09-17T07:54:54","modified_gmt":"2023-09-17T05:54:54","slug":"turnaje-vysledky","status":"publish","type":"page","link":"http:\/\/tjcirkvice.cz\/index.php\/micove-hry-volejbal\/turnaje-terminy-volejbal\/turnaje-vysledky\/","title":{"rendered":"Turnaje &#8211; v\u00fdsledky"},"content":{"rendered":"\n<p><\/p>\n\n\n\n<p><strong>Mal\u00fd Jakub\u00e1\u010dek 5. &#8211; 16.9.2023:<\/strong><\/p>\n\n\n\n<p>\u017dlut\u00ed (16 t\u00fdm\u016f): <br>1. m\u00edsto &#8211; \u0160t\u011bp\u00e1nka Holcov\u00e1 a Maty\u00e1\u0161 \u0160tolba<br>9. m\u00edsto &#8211; Filip V\u00e1vra a Jan Holub<br>10. m\u00edsto &#8211; Aneta Batelkov\u00e1 a Tereza Para<br>12. m\u00edsto &#8211; Tobi\u00e1\u0161 Hurt a Krist\u00fdna V\u00e1vrov\u00e1<\/p>\n\n\n\n<p>Oran\u017eov\u00ed (11 t\u00fdm\u016f):<br>4. m\u00edsto &#8211; Nela Va\u0148kov\u00e1 a Kate\u0159ina Ku\u010derov\u00e1<\/p>\n\n\n\n<p>\u010cerven\u00ed (10 t\u00fdm\u016f):<br>2. m\u00edsto &#8211; Anabel Backov\u00e1 a Daniel Lacina<br>4. m\u00edsto &#8211; Viktorie Kut\u00edlkov\u00e1 a Am\u00e1lie \u010cerm\u00e1kov\u00e1<br>5. m\u00edsto &#8211;  Anna Pawlosov\u00e1 a V\u011bra Volencov\u00e1<\/p>\n\n\n\n<p>Mod\u0159\u00ed (12 t\u00fdm\u016f):<br>4. m\u00edsto &#8211; Anton\u00edn Wanek, \u0160imon Vale\u0161, V\u00edt Malim\u00e1nek<br>7. m\u00edsto &#8211; David Vesel\u00fd, Viktorie Krososkov\u00e1, Lucie Ku\u010derov\u00e1<br><\/p>\n","protected":false},"excerpt":{"rendered":"<p>Mal\u00fd Jakub\u00e1\u010dek 5. &#8211; 16.9.2023: \u017dlut\u00ed (16 t\u00fdm\u016f): 1. m\u00edsto &#8211; \u0160t\u011bp\u00e1nka Holcov\u00e1 a Maty\u00e1\u0161 \u0160tolba9. m\u00edsto &#8211; Filip V\u00e1vra a Jan Holub10. m\u00edsto &#8211; Aneta Batelkov\u00e1 a Tereza Para12. m\u00edsto &#8211; Tobi\u00e1\u0161 Hurt a Krist\u00fdna V\u00e1vrov\u00e1 Oran\u017eov\u00ed (11 t\u00fdm\u016f):4. m\u00edsto &#8211; Nela Va\u0148kov\u00e1 a Kate\u0159ina Ku\u010derov\u00e1 \u010cerven\u00ed (10 t\u00fdm\u016f):2. m\u00edsto &#8211; Anabel Backov\u00e1 a [&hellip;]<\/p>\n","protected":false},"author":1,"featured_media":0,"parent":23,"menu_order":0,"comment_status":"closed","ping_status":"closed","template":"","meta":{"footnotes":""},"class_list":["post-430","page","type-page","status-publish","hentry"],"_links":{"self":[{"href":"http:\/\/tjcirkvice.cz\/index.php\/wp-json\/wp\/v2\/pages\/430","targetHints":{"allow":["GET"]}}],"collection":[{"href":"http:\/\/tjcirkvice.cz\/index.php\/wp-json\/wp\/v2\/pages"}],"about":[{"href":"http:\/\/tjcirkvice.cz\/index.php\/wp-json\/wp\/v2\/types\/page"}],"author":[{"embeddable":true,"href":"http:\/\/tjcirkvice.cz\/index.php\/wp-json\/wp\/v2\/users\/1"}],"replies":[{"embeddable":true,"href":"http:\/\/tjcirkvice.cz\/index.php\/wp-json\/wp\/v2\/comments?post=430"}],"version-history":[{"count":1,"href":"http:\/\/tjcirkvice.cz\/index.php\/wp-json\/wp\/v2\/pages\/430\/revisions"}],"predecessor-version":[{"id":431,"href":"http:\/\/tjcirkvice.cz\/index.php\/wp-json\/wp\/v2\/pages\/430\/revisions\/431"}],"up":[{"embeddable":true,"href":"http:\/\/tjcirkvice.cz\/index.php\/wp-json\/wp\/v2\/pages\/23"}],"wp:attachment":[{"href":"http:\/\/tjcirkvice.cz\/index.php\/wp-json\/wp\/v2\/media?parent=430"}],"curies":[{"name":"wp","href":"https:\/\/api.w.org\/{rel}","templated":true}]}}