{"id":253,"date":"2023-02-24T20:47:25","date_gmt":"2023-02-24T19:47:25","guid":{"rendered":"https:\/\/tjcirkvice.cz\/?page_id=253"},"modified":"2023-02-25T13:37:22","modified_gmt":"2023-02-25T12:37:22","slug":"kalendar-akci","status":"publish","type":"page","link":"http:\/\/tjcirkvice.cz\/index.php\/kalendar-akci\/","title":{"rendered":"Kalend\u00e1\u0159 akc\u00ed"},"content":{"rendered":"\n<iframe loading=\"lazy\" src=\"https:\/\/calendar.google.com\/calendar\/embed?height=600&amp;wkst=1&amp;bgcolor=%23ffffff&amp;ctz=Europe%2FPrague&amp;mode=AGENDA&amp;src=N3VxdTAzcW85dnVxNXBjcWx1NWM1MGU3M2dAZ3JvdXAuY2FsZW5kYXIuZ29vZ2xlLmNvbQ&amp;color=%23D50000\" style=\"border:solid 1px #777\" width=\"800\" height=\"600\" frameborder=\"0\" scrolling=\"no\"><\/iframe>\n\n\n\n<iframe loading=\"lazy\" src=\"https:\/\/calendar.google.com\/calendar\/embed?height=600&#038;wkst=2&#038;bgcolor=%23ffffff&#038;ctz=Europe%2FPrague&#038;src=N3VxdTAzcW85dnVxNXBjcWx1NWM1MGU3M2dAZ3JvdXAuY2FsZW5kYXIuZ29vZ2xlLmNvbQ&#038;color=%23D50000\" style=\"border:solid 1px #777\" width=\"800\" height=\"600\" frameborder=\"0\" scrolling=\"no\"><\/iframe>\n","protected":false},"excerpt":{"rendered":"","protected":false},"author":1,"featured_media":0,"parent":0,"menu_order":2,"comment_status":"closed","ping_status":"closed","template":"","meta":{"footnotes":""},"class_list":["post-253","page","type-page","status-publish","hentry"],"_links":{"self":[{"href":"http:\/\/tjcirkvice.cz\/index.php\/wp-json\/wp\/v2\/pages\/253","targetHints":{"allow":["GET"]}}],"collection":[{"href":"http:\/\/tjcirkvice.cz\/index.php\/wp-json\/wp\/v2\/pages"}],"about":[{"href":"http:\/\/tjcirkvice.cz\/index.php\/wp-json\/wp\/v2\/types\/page"}],"author":[{"embeddable":true,"href":"http:\/\/tjcirkvice.cz\/index.php\/wp-json\/wp\/v2\/users\/1"}],"replies":[{"embeddable":true,"href":"http:\/\/tjcirkvice.cz\/index.php\/wp-json\/wp\/v2\/comments?post=253"}],"version-history":[{"count":8,"href":"http:\/\/tjcirkvice.cz\/index.php\/wp-json\/wp\/v2\/pages\/253\/revisions"}],"predecessor-version":[{"id":341,"href":"http:\/\/tjcirkvice.cz\/index.php\/wp-json\/wp\/v2\/pages\/253\/revisions\/341"}],"wp:attachment":[{"href":"http:\/\/tjcirkvice.cz\/index.php\/wp-json\/wp\/v2\/media?parent=253"}],"curies":[{"name":"wp","href":"https:\/\/api.w.org\/{rel}","templated":true}]}}