{"id":25,"date":"2023-01-09T21:00:22","date_gmt":"2023-01-09T20:00:22","guid":{"rendered":"https:\/\/tjcirkvice.cz\/?page_id=25"},"modified":"2025-09-18T12:18:37","modified_gmt":"2025-09-18T10:18:37","slug":"treninky","status":"publish","type":"page","link":"http:\/\/tjcirkvice.cz\/index.php\/stolni-tenis\/treninky\/","title":{"rendered":"Tr\u00e9ninky"},"content":{"rendered":"\n<div class=\"wp-block-buttons is-content-justification-center is-layout-flex wp-container-core-buttons-is-layout-a89b3969 wp-block-buttons-is-layout-flex\">\n<div class=\"wp-block-button\"><a class=\"wp-block-button__link has-base-color has-vivid-red-background-color has-text-color has-background has-link-color has-medium-font-size has-custom-font-size wp-element-button\" style=\"border-radius:24px;padding-right:var(--wp--preset--spacing--50);padding-left:var(--wp--preset--spacing--50)\">Pond\u011bl\u00ed<\/a><\/div>\n<\/div>\n\n\n\n<p class=\"has-text-align-center\">Treninky pond\u011bl\u00ed:<\/p>\n\n\n\n<div style=\"height:24px\" aria-hidden=\"true\" class=\"wp-block-spacer\"><\/div>\n\n\n\n<div class=\"wp-block-buttons is-content-justification-center is-layout-flex wp-container-core-buttons-is-layout-a89b3969 wp-block-buttons-is-layout-flex\">\n<div class=\"wp-block-button\"><a class=\"wp-block-button__link has-base-color has-vivid-red-background-color has-text-color has-background has-link-color has-medium-font-size has-custom-font-size wp-element-button\" style=\"border-radius:24px;padding-right:var(--wp--preset--spacing--50);padding-left:var(--wp--preset--spacing--50)\">\u00dater\u00fd<\/a><\/div>\n<\/div>\n\n\n\n<p class=\"has-text-align-center\">Tr\u00e9ninky \u00fater\u00fd:<\/p>\n\n\n\n<div style=\"height:24px\" aria-hidden=\"true\" class=\"wp-block-spacer\"><\/div>\n\n\n\n<div class=\"wp-block-buttons is-content-justification-center is-layout-flex wp-container-core-buttons-is-layout-a89b3969 wp-block-buttons-is-layout-flex\">\n<div class=\"wp-block-button\"><a class=\"wp-block-button__link has-base-color has-vivid-red-background-color has-text-color has-background has-link-color has-medium-font-size has-custom-font-size wp-element-button\" style=\"border-radius:24px;padding-right:var(--wp--preset--spacing--50);padding-left:var(--wp--preset--spacing--50)\">St\u0159eda<\/a><\/div>\n<\/div>\n\n\n\n<p class=\"has-text-align-center\">Tr\u00e9ninky st\u0159eda:<\/p>\n\n\n\n<div style=\"height:24px\" aria-hidden=\"true\" class=\"wp-block-spacer\"><\/div>\n\n\n\n<div class=\"wp-block-buttons is-content-justification-center is-layout-flex wp-container-core-buttons-is-layout-a89b3969 wp-block-buttons-is-layout-flex\">\n<div class=\"wp-block-button\"><a class=\"wp-block-button__link has-base-color has-vivid-red-background-color has-text-color has-background has-link-color has-medium-font-size has-custom-font-size wp-element-button\" style=\"border-radius:24px;padding-right:var(--wp--preset--spacing--50);padding-left:var(--wp--preset--spacing--50)\">\u010ctvrtek<\/a><\/div>\n<\/div>\n\n\n\n<p class=\"has-text-align-center\">Tr\u00e9nink \u010dtvrtek:<\/p>\n\n\n\n<div style=\"height:24px\" aria-hidden=\"true\" class=\"wp-block-spacer\"><\/div>\n\n\n\n<div class=\"wp-block-buttons is-content-justification-center is-layout-flex wp-container-core-buttons-is-layout-a89b3969 wp-block-buttons-is-layout-flex\">\n<div class=\"wp-block-button\"><a class=\"wp-block-button__link has-base-color has-vivid-red-background-color has-text-color has-background has-link-color has-medium-font-size has-custom-font-size wp-element-button\" style=\"border-radius:24px;padding-right:var(--wp--preset--spacing--50);padding-left:var(--wp--preset--spacing--50)\">P\u00e1tek<\/a><\/div>\n<\/div>\n\n\n\n<p class=\"has-text-align-center\">Tr\u00e9nink p\u00e1tek:<\/p>\n\n\n\n<div style=\"height:24px\" aria-hidden=\"true\" class=\"wp-block-spacer\"><\/div>\n","protected":false},"excerpt":{"rendered":"<p>Treninky pond\u011bl\u00ed: Tr\u00e9ninky \u00fater\u00fd: Tr\u00e9ninky st\u0159eda: Tr\u00e9nink \u010dtvrtek: Tr\u00e9nink p\u00e1tek:<\/p>\n","protected":false},"author":1,"featured_media":0,"parent":11,"menu_order":1,"comment_status":"closed","ping_status":"closed","template":"","meta":{"footnotes":""},"class_list":["post-25","page","type-page","status-publish","hentry"],"_links":{"self":[{"href":"http:\/\/tjcirkvice.cz\/index.php\/wp-json\/wp\/v2\/pages\/25","targetHints":{"allow":["GET"]}}],"collection":[{"href":"http:\/\/tjcirkvice.cz\/index.php\/wp-json\/wp\/v2\/pages"}],"about":[{"href":"http:\/\/tjcirkvice.cz\/index.php\/wp-json\/wp\/v2\/types\/page"}],"author":[{"embeddable":true,"href":"http:\/\/tjcirkvice.cz\/index.php\/wp-json\/wp\/v2\/users\/1"}],"replies":[{"embeddable":true,"href":"http:\/\/tjcirkvice.cz\/index.php\/wp-json\/wp\/v2\/comments?post=25"}],"version-history":[{"count":22,"href":"http:\/\/tjcirkvice.cz\/index.php\/wp-json\/wp\/v2\/pages\/25\/revisions"}],"predecessor-version":[{"id":567,"href":"http:\/\/tjcirkvice.cz\/index.php\/wp-json\/wp\/v2\/pages\/25\/revisions\/567"}],"up":[{"embeddable":true,"href":"http:\/\/tjcirkvice.cz\/index.php\/wp-json\/wp\/v2\/pages\/11"}],"wp:attachment":[{"href":"http:\/\/tjcirkvice.cz\/index.php\/wp-json\/wp\/v2\/media?parent=25"}],"curies":[{"name":"wp","href":"https:\/\/api.w.org\/{rel}","templated":true}]}}